{"id":83,"date":"2015-01-23T09:34:56","date_gmt":"2015-01-23T07:34:56","guid":{"rendered":"http:\/\/www.svnutteln1898.de\/wordpress\/?page_id=83"},"modified":"2018-03-13T09:48:06","modified_gmt":"2018-03-13T07:48:06","slug":"kontakt","status":"publish","type":"page","link":"http:\/\/www.svnutteln1898.de\/wordpress\/?page_id=83","title":{"rendered":"Kontakt"},"content":{"rendered":"<p>Sie k\u00f6nnen uns postalisch erreichen unter:<\/p>\n<p>Sch\u00fctzenverein Nutteln und Umgegend e.V.<br \/>\nz. Hd. Pr\u00e4sident Ludger Tabeling<br \/>\nLerchenspornweg 8<br \/>\n49661 Cloppenburg<\/p>\n","protected":false},"excerpt":{"rendered":"<p>Sie k\u00f6nnen uns postalisch erreichen unter: Sch\u00fctzenverein Nutteln und Umgegend e.V. z. Hd. Pr\u00e4sident Ludger Tabeling Lerchenspornweg 8 49661 Cloppenburg<\/p>\n","protected":false},"author":1,"featured_media":0,"parent":0,"menu_order":0,"comment_status":"closed","ping_status":"open","template":"","meta":{"footnotes":""},"class_list":["post-83","page","type-page","status-publish","hentry"],"_links":{"self":[{"href":"http:\/\/www.svnutteln1898.de\/wordpress\/index.php?rest_route=\/wp\/v2\/pages\/83","targetHints":{"allow":["GET"]}}],"collection":[{"href":"http:\/\/www.svnutteln1898.de\/wordpress\/index.php?rest_route=\/wp\/v2\/pages"}],"about":[{"href":"http:\/\/www.svnutteln1898.de\/wordpress\/index.php?rest_route=\/wp\/v2\/types\/page"}],"author":[{"embeddable":true,"href":"http:\/\/www.svnutteln1898.de\/wordpress\/index.php?rest_route=\/wp\/v2\/users\/1"}],"replies":[{"embeddable":true,"href":"http:\/\/www.svnutteln1898.de\/wordpress\/index.php?rest_route=%2Fwp%2Fv2%2Fcomments&post=83"}],"version-history":[{"count":4,"href":"http:\/\/www.svnutteln1898.de\/wordpress\/index.php?rest_route=\/wp\/v2\/pages\/83\/revisions"}],"predecessor-version":[{"id":366,"href":"http:\/\/www.svnutteln1898.de\/wordpress\/index.php?rest_route=\/wp\/v2\/pages\/83\/revisions\/366"}],"wp:attachment":[{"href":"http:\/\/www.svnutteln1898.de\/wordpress\/index.php?rest_route=%2Fwp%2Fv2%2Fmedia&parent=83"}],"curies":[{"name":"wp","href":"https:\/\/api.w.org\/{rel}","templated":true}]}}