{"id":58,"date":"2015-01-22T23:09:27","date_gmt":"2015-01-22T21:09:27","guid":{"rendered":"http:\/\/www.svnutteln1898.de\/wordpress\/?page_id=58"},"modified":"2015-01-22T23:09:27","modified_gmt":"2015-01-22T21:09:27","slug":"zug-suedl-bezirk","status":"publish","type":"page","link":"http:\/\/www.svnutteln1898.de\/wordpress\/?page_id=58","title":{"rendered":"Zug S\u00fcdl. Bezirk"},"content":{"rendered":"<p>Die Sch\u00fctzen dieses Zuges haben wie der Name es bereits zum Ausdruck bringt im Cloppenburger S\u00fcden ihren Stammsitz. Die Mitglieder des Zuges organisieren viele interne Veranstaltungen die immer gut besucht sind.<\/p>\n<p>Hervorzuheben ist hier das Zugeigene Kohlessen am jeweils letzten Samstag im November, bei dem auch G\u00e4ste au\u00dferhalb des Vereins immer recht herzlich willkommen sind.<\/p>\n<p>Beim j\u00e4hrlichen Maigang des Zuges ist dann immer die ganze Familie mit &#8222;Kind und Kegel&#8220; unterwegs.<\/p>\n","protected":false},"excerpt":{"rendered":"<p>Die Sch\u00fctzen dieses Zuges haben wie der Name es bereits zum Ausdruck bringt im Cloppenburger S\u00fcden ihren Stammsitz. Die Mitglieder des Zuges organisieren viele interne Veranstaltungen die immer gut besucht sind. Hervorzuheben ist hier das Zugeigene Kohlessen am jeweils letzten &hellip; <a href=\"http:\/\/www.svnutteln1898.de\/wordpress\/?page_id=58\">Weiterlesen <span class=\"meta-nav\">&rarr;<\/span><\/a><\/p>\n","protected":false},"author":1,"featured_media":0,"parent":38,"menu_order":0,"comment_status":"open","ping_status":"open","template":"","meta":{"footnotes":""},"class_list":["post-58","page","type-page","status-publish","hentry"],"_links":{"self":[{"href":"http:\/\/www.svnutteln1898.de\/wordpress\/index.php?rest_route=\/wp\/v2\/pages\/58","targetHints":{"allow":["GET"]}}],"collection":[{"href":"http:\/\/www.svnutteln1898.de\/wordpress\/index.php?rest_route=\/wp\/v2\/pages"}],"about":[{"href":"http:\/\/www.svnutteln1898.de\/wordpress\/index.php?rest_route=\/wp\/v2\/types\/page"}],"author":[{"embeddable":true,"href":"http:\/\/www.svnutteln1898.de\/wordpress\/index.php?rest_route=\/wp\/v2\/users\/1"}],"replies":[{"embeddable":true,"href":"http:\/\/www.svnutteln1898.de\/wordpress\/index.php?rest_route=%2Fwp%2Fv2%2Fcomments&post=58"}],"version-history":[{"count":1,"href":"http:\/\/www.svnutteln1898.de\/wordpress\/index.php?rest_route=\/wp\/v2\/pages\/58\/revisions"}],"predecessor-version":[{"id":59,"href":"http:\/\/www.svnutteln1898.de\/wordpress\/index.php?rest_route=\/wp\/v2\/pages\/58\/revisions\/59"}],"up":[{"embeddable":true,"href":"http:\/\/www.svnutteln1898.de\/wordpress\/index.php?rest_route=\/wp\/v2\/pages\/38"}],"wp:attachment":[{"href":"http:\/\/www.svnutteln1898.de\/wordpress\/index.php?rest_route=%2Fwp%2Fv2%2Fmedia&parent=58"}],"curies":[{"name":"wp","href":"https:\/\/api.w.org\/{rel}","templated":true}]}}