{"id":56,"date":"2015-01-22T23:03:20","date_gmt":"2015-01-22T21:03:20","guid":{"rendered":"http:\/\/www.svnutteln1898.de\/wordpress\/?page_id=56"},"modified":"2025-12-09T22:13:21","modified_gmt":"2025-12-09T20:13:21","slug":"ansprechpartner","status":"publish","type":"page","link":"http:\/\/www.svnutteln1898.de\/wordpress\/?page_id=56","title":{"rendered":"Ansprechpartner"},"content":{"rendered":"<p>Zugf\u00fchrer: Felix Gerst, Kuckuckstra\u00dfe 7, 49661 Cloppenburg<\/p>\n<p>stellvertretender Zugf\u00fchrer: Michael K\u00fcsters, Habichtweg 14, 49661 Cloppenburg Tel.-Nr.: 04471 \/ 82848<\/p>\n<p>Kassierer: Franz Vogel, Augustin-Wibbelt-Str. 14, 49661 Cloppenburg Tel.-Nr.: 04471 \/ 7459<\/p>\n<p>Schriftf\u00fchrer: Franz-Josef Siewert, Kiebitzstr. 4, 49661 Cloppenburg Tel.-Nr.: 04471 \/ 7990<\/p>\n","protected":false},"excerpt":{"rendered":"<p>Zugf\u00fchrer: Felix Gerst, Kuckuckstra\u00dfe 7, 49661 Cloppenburg stellvertretender Zugf\u00fchrer: Michael K\u00fcsters, Habichtweg 14, 49661 Cloppenburg Tel.-Nr.: 04471 \/ 82848 Kassierer: Franz Vogel, Augustin-Wibbelt-Str. 14, 49661 Cloppenburg Tel.-Nr.: 04471 \/ 7459 Schriftf\u00fchrer: Franz-Josef Siewert, Kiebitzstr. 4, 49661 Cloppenburg Tel.-Nr.: 04471 \/ &hellip; <a href=\"http:\/\/www.svnutteln1898.de\/wordpress\/?page_id=56\">Weiterlesen <span class=\"meta-nav\">&rarr;<\/span><\/a><\/p>\n","protected":false},"author":1,"featured_media":0,"parent":54,"menu_order":0,"comment_status":"open","ping_status":"open","template":"","meta":{"footnotes":""},"class_list":["post-56","page","type-page","status-publish","hentry"],"_links":{"self":[{"href":"http:\/\/www.svnutteln1898.de\/wordpress\/index.php?rest_route=\/wp\/v2\/pages\/56","targetHints":{"allow":["GET"]}}],"collection":[{"href":"http:\/\/www.svnutteln1898.de\/wordpress\/index.php?rest_route=\/wp\/v2\/pages"}],"about":[{"href":"http:\/\/www.svnutteln1898.de\/wordpress\/index.php?rest_route=\/wp\/v2\/types\/page"}],"author":[{"embeddable":true,"href":"http:\/\/www.svnutteln1898.de\/wordpress\/index.php?rest_route=\/wp\/v2\/users\/1"}],"replies":[{"embeddable":true,"href":"http:\/\/www.svnutteln1898.de\/wordpress\/index.php?rest_route=%2Fwp%2Fv2%2Fcomments&post=56"}],"version-history":[{"count":9,"href":"http:\/\/www.svnutteln1898.de\/wordpress\/index.php?rest_route=\/wp\/v2\/pages\/56\/revisions"}],"predecessor-version":[{"id":894,"href":"http:\/\/www.svnutteln1898.de\/wordpress\/index.php?rest_route=\/wp\/v2\/pages\/56\/revisions\/894"}],"up":[{"embeddable":true,"href":"http:\/\/www.svnutteln1898.de\/wordpress\/index.php?rest_route=\/wp\/v2\/pages\/54"}],"wp:attachment":[{"href":"http:\/\/www.svnutteln1898.de\/wordpress\/index.php?rest_route=%2Fwp%2Fv2%2Fmedia&parent=56"}],"curies":[{"name":"wp","href":"https:\/\/api.w.org\/{rel}","templated":true}]}}