{"id":44,"date":"2015-01-22T22:44:13","date_gmt":"2015-01-22T20:44:13","guid":{"rendered":"http:\/\/www.svnutteln1898.de\/wordpress\/?page_id=44"},"modified":"2015-01-22T22:56:34","modified_gmt":"2015-01-22T20:56:34","slug":"zug-nutteln","status":"publish","type":"page","link":"http:\/\/www.svnutteln1898.de\/wordpress\/?page_id=44","title":{"rendered":"Zug Nutteln"},"content":{"rendered":"<p>Dieser Zug gibt dem Verein seinen Namen. Der Zug ist im Zentrum der Vereinsgebietes, hier findet auch das j\u00e4hrliche Sch\u00fctzenfest statt und hier ist mit dem Schie\u00dfstand auch die Heimat des Vereins.<\/p>\n<p>Der Zug Nutteln hat wie auch die anderen Z\u00fcge ebenfalls ein sehr aktives Vereinsleben, \u00fcber die einzelnen Aktivit\u00e4ten informieren gerne die Ansprechpartner.<\/p>\n","protected":false},"excerpt":{"rendered":"<p>Dieser Zug gibt dem Verein seinen Namen. Der Zug ist im Zentrum der Vereinsgebietes, hier findet auch das j\u00e4hrliche Sch\u00fctzenfest statt und hier ist mit dem Schie\u00dfstand auch die Heimat des Vereins. Der Zug Nutteln hat wie auch die anderen &hellip; <a href=\"http:\/\/www.svnutteln1898.de\/wordpress\/?page_id=44\">Weiterlesen <span class=\"meta-nav\">&rarr;<\/span><\/a><\/p>\n","protected":false},"author":1,"featured_media":0,"parent":38,"menu_order":0,"comment_status":"open","ping_status":"open","template":"","meta":{"footnotes":""},"class_list":["post-44","page","type-page","status-publish","hentry"],"_links":{"self":[{"href":"http:\/\/www.svnutteln1898.de\/wordpress\/index.php?rest_route=\/wp\/v2\/pages\/44","targetHints":{"allow":["GET"]}}],"collection":[{"href":"http:\/\/www.svnutteln1898.de\/wordpress\/index.php?rest_route=\/wp\/v2\/pages"}],"about":[{"href":"http:\/\/www.svnutteln1898.de\/wordpress\/index.php?rest_route=\/wp\/v2\/types\/page"}],"author":[{"embeddable":true,"href":"http:\/\/www.svnutteln1898.de\/wordpress\/index.php?rest_route=\/wp\/v2\/users\/1"}],"replies":[{"embeddable":true,"href":"http:\/\/www.svnutteln1898.de\/wordpress\/index.php?rest_route=%2Fwp%2Fv2%2Fcomments&post=44"}],"version-history":[{"count":3,"href":"http:\/\/www.svnutteln1898.de\/wordpress\/index.php?rest_route=\/wp\/v2\/pages\/44\/revisions"}],"predecessor-version":[{"id":53,"href":"http:\/\/www.svnutteln1898.de\/wordpress\/index.php?rest_route=\/wp\/v2\/pages\/44\/revisions\/53"}],"up":[{"embeddable":true,"href":"http:\/\/www.svnutteln1898.de\/wordpress\/index.php?rest_route=\/wp\/v2\/pages\/38"}],"wp:attachment":[{"href":"http:\/\/www.svnutteln1898.de\/wordpress\/index.php?rest_route=%2Fwp%2Fv2%2Fmedia&parent=44"}],"curies":[{"name":"wp","href":"https:\/\/api.w.org\/{rel}","templated":true}]}}