{"id":42,"date":"2015-01-22T22:38:59","date_gmt":"2015-01-22T20:38:59","guid":{"rendered":"http:\/\/www.svnutteln1898.de\/wordpress\/?page_id=42"},"modified":"2025-07-01T23:39:37","modified_gmt":"2025-07-01T21:39:37","slug":"ansprechpartner","status":"publish","type":"page","link":"http:\/\/www.svnutteln1898.de\/wordpress\/?page_id=42","title":{"rendered":"Ansprechpartner"},"content":{"rendered":"<p>Zugf\u00fchrerin: Ramona Zahn, Am M\u00fchlenbach 2, 49692 Cappeln &#8211; Tegelrieden<\/p>\n<p>Tel.-Nr.: 01515 2330789<\/p>\n<p>stellvertretende Zugf\u00fchrerin: Nicole Niemann, Wachholder Weg 6, 49661 Cloppenburg Tel.-Nr.: 01623959863<\/p>\n","protected":false},"excerpt":{"rendered":"<p>Zugf\u00fchrerin: Ramona Zahn, Am M\u00fchlenbach 2, 49692 Cappeln &#8211; Tegelrieden Tel.-Nr.: 01515 2330789 stellvertretende Zugf\u00fchrerin: Nicole Niemann, Wachholder Weg 6, 49661 Cloppenburg Tel.-Nr.: 01623959863<\/p>\n","protected":false},"author":1,"featured_media":0,"parent":40,"menu_order":0,"comment_status":"open","ping_status":"open","template":"","meta":{"footnotes":""},"class_list":["post-42","page","type-page","status-publish","hentry"],"_links":{"self":[{"href":"http:\/\/www.svnutteln1898.de\/wordpress\/index.php?rest_route=\/wp\/v2\/pages\/42","targetHints":{"allow":["GET"]}}],"collection":[{"href":"http:\/\/www.svnutteln1898.de\/wordpress\/index.php?rest_route=\/wp\/v2\/pages"}],"about":[{"href":"http:\/\/www.svnutteln1898.de\/wordpress\/index.php?rest_route=\/wp\/v2\/types\/page"}],"author":[{"embeddable":true,"href":"http:\/\/www.svnutteln1898.de\/wordpress\/index.php?rest_route=\/wp\/v2\/users\/1"}],"replies":[{"embeddable":true,"href":"http:\/\/www.svnutteln1898.de\/wordpress\/index.php?rest_route=%2Fwp%2Fv2%2Fcomments&post=42"}],"version-history":[{"count":8,"href":"http:\/\/www.svnutteln1898.de\/wordpress\/index.php?rest_route=\/wp\/v2\/pages\/42\/revisions"}],"predecessor-version":[{"id":861,"href":"http:\/\/www.svnutteln1898.de\/wordpress\/index.php?rest_route=\/wp\/v2\/pages\/42\/revisions\/861"}],"up":[{"embeddable":true,"href":"http:\/\/www.svnutteln1898.de\/wordpress\/index.php?rest_route=\/wp\/v2\/pages\/40"}],"wp:attachment":[{"href":"http:\/\/www.svnutteln1898.de\/wordpress\/index.php?rest_route=%2Fwp%2Fv2%2Fmedia&parent=42"}],"curies":[{"name":"wp","href":"https:\/\/api.w.org\/{rel}","templated":true}]}}