{"id":2,"date":"2014-10-24T06:16:17","date_gmt":"2014-10-24T06:16:17","guid":{"rendered":"http:\/\/www.svnutteln1898.de\/wordpress\/?page_id=2"},"modified":"2025-12-09T22:10:46","modified_gmt":"2025-12-09T20:10:46","slug":"beispiel-seite","status":"publish","type":"page","link":"http:\/\/www.svnutteln1898.de\/wordpress\/?page_id=2","title":{"rendered":"Vereinsf\u00fchrung"},"content":{"rendered":"<p><strong>Die Vereinsf\u00fchrung setzt sich aus dem engeren und dem erweiterten Vorstand zusammen.<\/strong><\/p>\n<p><em><strong>Der engere Vorstand setzt sich aus folgenden Personen zusammen:<\/strong><\/em><\/p>\n<p>Pr\u00e4sident: Ludger Tabeling, Lerchenspornweg 8, 49661 Cloppenburg<\/p>\n<p>Hauptmann: Stephan Meyer, Krapendorfer Str. 3, 49692 Cappeln-Warnstedt<\/p>\n<p>Schriftf\u00fchrer: Niklas Fredewe\u00df, Birkenstra\u00dfe 4, 49692 Sevelten<\/p>\n<p>Kassenwart: Ulrich Tensing, Borkumstr. 8, 49661 Cloppenburg<\/p>\n<p>Schie\u00dfwart: G\u00fcnter Gerken, Appelkamp 3, 49661 Cloppenburg<\/p>\n<p><em><strong>Dem erweiterten Vorstand geh\u00f6ren die Zugf\u00fchrer der einzelnen Z\u00fcge (siehe Ansprechpartner bei den Z\u00fcgen), der jeweilige K\u00f6nig, sowie folgende weitere Personen an:<\/strong><\/em><\/p>\n<p>Adjudant:\u00a0Georg M\u00f6ller, Hemmelte Str. 4, 49692 Cappeln-Warnstedt<\/p>\n<p>Standwart: Peter Koopmann, Kessener Weg 106a, 49661 Cloppenburg<\/p>\n<p>stellvertretender Schie\u00dfwart: Johannes Bohmann, 49661 Cloppenburg<\/p>\n<p>stellvertretender Schie\u00dfwart: Sven Tabeling, Stormstr. 20, 49661 Cloppenburg<\/p>\n<p>stellvertretender Schie\u00dfwart: Albert Oloew, Hauptstr. 3A, 49692 Cappeln-Sevelten<\/p>\n<p>Jugendwart: Johannes B\u00f6hmann, Kastanienstr. 18, 49692 Cappeln-Sevelten<\/p>\n<p>stellvertretender Jugendwart: Michael K\u00fcsters, Habichtweg 14, 49661 Cloppenburg<\/p>\n<p>stellvertretende Jugendwartin: Jana B\u00f6hmann, Kastanienstr. 18, 49692 Cappeln-Sevelten<\/p>\n","protected":false},"excerpt":{"rendered":"<p>Die Vereinsf\u00fchrung setzt sich aus dem engeren und dem erweiterten Vorstand zusammen. Der engere Vorstand setzt sich aus folgenden Personen zusammen: Pr\u00e4sident: Ludger Tabeling, Lerchenspornweg 8, 49661 Cloppenburg Hauptmann: Stephan Meyer, Krapendorfer Str. 3, 49692 Cappeln-Warnstedt Schriftf\u00fchrer: Niklas Fredewe\u00df, Birkenstra\u00dfe &hellip; <a href=\"http:\/\/www.svnutteln1898.de\/wordpress\/?page_id=2\">Weiterlesen <span class=\"meta-nav\">&rarr;<\/span><\/a><\/p>\n","protected":false},"author":1,"featured_media":0,"parent":0,"menu_order":0,"comment_status":"open","ping_status":"open","template":"","meta":{"footnotes":""},"class_list":["post-2","page","type-page","status-publish","hentry"],"_links":{"self":[{"href":"http:\/\/www.svnutteln1898.de\/wordpress\/index.php?rest_route=\/wp\/v2\/pages\/2","targetHints":{"allow":["GET"]}}],"collection":[{"href":"http:\/\/www.svnutteln1898.de\/wordpress\/index.php?rest_route=\/wp\/v2\/pages"}],"about":[{"href":"http:\/\/www.svnutteln1898.de\/wordpress\/index.php?rest_route=\/wp\/v2\/types\/page"}],"author":[{"embeddable":true,"href":"http:\/\/www.svnutteln1898.de\/wordpress\/index.php?rest_route=\/wp\/v2\/users\/1"}],"replies":[{"embeddable":true,"href":"http:\/\/www.svnutteln1898.de\/wordpress\/index.php?rest_route=%2Fwp%2Fv2%2Fcomments&post=2"}],"version-history":[{"count":12,"href":"http:\/\/www.svnutteln1898.de\/wordpress\/index.php?rest_route=\/wp\/v2\/pages\/2\/revisions"}],"predecessor-version":[{"id":893,"href":"http:\/\/www.svnutteln1898.de\/wordpress\/index.php?rest_route=\/wp\/v2\/pages\/2\/revisions\/893"}],"wp:attachment":[{"href":"http:\/\/www.svnutteln1898.de\/wordpress\/index.php?rest_route=%2Fwp%2Fv2%2Fmedia&parent=2"}],"curies":[{"name":"wp","href":"https:\/\/api.w.org\/{rel}","templated":true}]}}